{"id":705,"date":"2018-10-16T03:55:16","date_gmt":"2018-10-16T03:55:16","guid":{"rendered":"https:\/\/woostify.com\/demos\/fashion1\/?page_id=10"},"modified":"2020-11-03T10:54:40","modified_gmt":"2020-11-03T10:54:40","slug":"my-account-2","status":"publish","type":"page","link":"https:\/\/flavate.net\/en\/my-account-2\/","title":{"rendered":"MON COMPTE"},"content":{"rendered":"<div class=\"woocommerce\"><\/div>","protected":false},"excerpt":{"rendered":"","protected":false},"author":1,"featured_media":0,"parent":0,"menu_order":0,"comment_status":"closed","ping_status":"closed","template":"","meta":{"_acf_changed":false,"_monsterinsights_skip_tracking":false,"_monsterinsights_sitenote_active":false,"_monsterinsights_sitenote_note":"","_monsterinsights_sitenote_category":0,"footnotes":""},"class_list":["post-705","page","type-page","status-publish","hentry"],"acf":[],"yoast_head":"<!-- This site is optimized with the Yoast SEO plugin v27.5 - https:\/\/yoast.com\/product\/yoast-seo-wordpress\/ -->\n<title>Connexion : Parfum de poche<\/title>\n<meta name=\"description\" content=\"Sur Flavate.net vous allez trouver un grand choix parmi vos Flavate parfums pr\u00e9f\u00e9r\u00e9s, parfum de Maison Fedora et Maison Victoria parfum. Nous vous les proposons en parfum format voyage.\" \/>\n<meta name=\"robots\" content=\"index, follow, max-snippet:-1, max-image-preview:large, max-video-preview:-1\" \/>\n<link rel=\"canonical\" href=\"https:\/\/flavate.net\/en\/my-account-2\/\" \/>\n<meta property=\"og:locale\" content=\"en_US\" \/>\n<meta property=\"og:type\" content=\"article\" \/>\n<meta property=\"og:title\" content=\"Connexion : Parfum de poche\" \/>\n<meta property=\"og:description\" content=\"Sur Flavate.net vous allez trouver un grand choix parmi vos Flavate parfums pr\u00e9f\u00e9r\u00e9s, parfum de Maison Fedora et Maison Victoria parfum. Nous vous les proposons en parfum format voyage.\" \/>\n<meta property=\"og:url\" content=\"https:\/\/flavate.net\/en\/my-account-2\/\" \/>\n<meta property=\"og:site_name\" content=\"Flavate\" \/>\n<meta property=\"article:publisher\" content=\"https:\/\/www.facebook.com\/parfumdepoches\" \/>\n<meta property=\"article:modified_time\" content=\"2020-11-03T10:54:40+00:00\" \/>\n<meta property=\"og:image\" content=\"https:\/\/flavate.net\/wp-content\/uploads\/2020\/05\/SITE.jpg\" \/>\n\t<meta property=\"og:image:width\" content=\"1203\" \/>\n\t<meta property=\"og:image:height\" content=\"625\" \/>\n\t<meta property=\"og:image:type\" content=\"image\/jpeg\" \/>\n<meta name=\"twitter:card\" content=\"summary_large_image\" \/>\n<script type=\"application\/ld+json\" class=\"yoast-schema-graph\">{\"@context\":\"https:\\\/\\\/schema.org\",\"@graph\":[{\"@type\":\"WebPage\",\"@id\":\"https:\\\/\\\/flavate.net\\\/my-account-2\\\/\",\"url\":\"https:\\\/\\\/flavate.net\\\/my-account-2\\\/\",\"name\":\"Connexion : Parfum de poche\",\"isPartOf\":{\"@id\":\"https:\\\/\\\/flavate.net\\\/#website\"},\"datePublished\":\"2018-10-16T03:55:16+00:00\",\"dateModified\":\"2020-11-03T10:54:40+00:00\",\"description\":\"Sur Flavate.net vous allez trouver un grand choix parmi vos Flavate parfums pr\u00e9f\u00e9r\u00e9s, parfum de Maison Fedora et Maison Victoria parfum. Nous vous les proposons en parfum format voyage.\",\"breadcrumb\":{\"@id\":\"https:\\\/\\\/flavate.net\\\/my-account-2\\\/#breadcrumb\"},\"inLanguage\":\"en-US\",\"potentialAction\":[{\"@type\":\"ReadAction\",\"target\":[\"https:\\\/\\\/flavate.net\\\/my-account-2\\\/\"]}]},{\"@type\":\"BreadcrumbList\",\"@id\":\"https:\\\/\\\/flavate.net\\\/my-account-2\\\/#breadcrumb\",\"itemListElement\":[{\"@type\":\"ListItem\",\"position\":1,\"name\":\"Home\",\"item\":\"https:\\\/\\\/flavate.net\\\/\"},{\"@type\":\"ListItem\",\"position\":2,\"name\":\"MON COMPTE\"}]},{\"@type\":\"WebSite\",\"@id\":\"https:\\\/\\\/flavate.net\\\/#website\",\"url\":\"https:\\\/\\\/flavate.net\\\/\",\"name\":\"Flavate\",\"description\":\"parfum 33ml\",\"publisher\":{\"@id\":\"https:\\\/\\\/flavate.net\\\/#organization\"},\"potentialAction\":[{\"@type\":\"SearchAction\",\"target\":{\"@type\":\"EntryPoint\",\"urlTemplate\":\"https:\\\/\\\/flavate.net\\\/?s={search_term_string}\"},\"query-input\":{\"@type\":\"PropertyValueSpecification\",\"valueRequired\":true,\"valueName\":\"search_term_string\"}}],\"inLanguage\":\"en-US\"},{\"@type\":\"Organization\",\"@id\":\"https:\\\/\\\/flavate.net\\\/#organization\",\"name\":\"Flavate\",\"url\":\"https:\\\/\\\/flavate.net\\\/\",\"logo\":{\"@type\":\"ImageObject\",\"inLanguage\":\"en-US\",\"@id\":\"https:\\\/\\\/flavate.net\\\/#\\\/schema\\\/logo\\\/image\\\/\",\"url\":\"https:\\\/\\\/flavate.net\\\/wp-content\\\/uploads\\\/2022\\\/09\\\/flavate-parfum-logo.png\",\"contentUrl\":\"https:\\\/\\\/flavate.net\\\/wp-content\\\/uploads\\\/2022\\\/09\\\/flavate-parfum-logo.png\",\"width\":600,\"height\":200,\"caption\":\"Flavate\"},\"image\":{\"@id\":\"https:\\\/\\\/flavate.net\\\/#\\\/schema\\\/logo\\\/image\\\/\"},\"sameAs\":[\"https:\\\/\\\/www.facebook.com\\\/parfumdepoches\"]}]}<\/script>\n<!-- \/ Yoast SEO plugin. -->","yoast_head_json":{"title":"Connexion : Parfum de poche","description":"Sur Flavate.net vous allez trouver un grand choix parmi vos Flavate parfums pr\u00e9f\u00e9r\u00e9s, parfum de Maison Fedora et Maison Victoria parfum. Nous vous les proposons en parfum format voyage.","robots":{"index":"index","follow":"follow","max-snippet":"max-snippet:-1","max-image-preview":"max-image-preview:large","max-video-preview":"max-video-preview:-1"},"canonical":"https:\/\/flavate.net\/en\/my-account-2\/","og_locale":"en_US","og_type":"article","og_title":"Connexion : Parfum de poche","og_description":"Sur Flavate.net vous allez trouver un grand choix parmi vos Flavate parfums pr\u00e9f\u00e9r\u00e9s, parfum de Maison Fedora et Maison Victoria parfum. Nous vous les proposons en parfum format voyage.","og_url":"https:\/\/flavate.net\/en\/my-account-2\/","og_site_name":"Flavate","article_publisher":"https:\/\/www.facebook.com\/parfumdepoches","article_modified_time":"2020-11-03T10:54:40+00:00","og_image":[{"width":1203,"height":625,"url":"https:\/\/flavate.net\/wp-content\/uploads\/2020\/05\/SITE.jpg","type":"image\/jpeg"}],"twitter_card":"summary_large_image","schema":{"@context":"https:\/\/schema.org","@graph":[{"@type":"WebPage","@id":"https:\/\/flavate.net\/my-account-2\/","url":"https:\/\/flavate.net\/my-account-2\/","name":"Connexion : Parfum de poche","isPartOf":{"@id":"https:\/\/flavate.net\/#website"},"datePublished":"2018-10-16T03:55:16+00:00","dateModified":"2020-11-03T10:54:40+00:00","description":"Sur Flavate.net vous allez trouver un grand choix parmi vos Flavate parfums pr\u00e9f\u00e9r\u00e9s, parfum de Maison Fedora et Maison Victoria parfum. Nous vous les proposons en parfum format voyage.","breadcrumb":{"@id":"https:\/\/flavate.net\/my-account-2\/#breadcrumb"},"inLanguage":"en-US","potentialAction":[{"@type":"ReadAction","target":["https:\/\/flavate.net\/my-account-2\/"]}]},{"@type":"BreadcrumbList","@id":"https:\/\/flavate.net\/my-account-2\/#breadcrumb","itemListElement":[{"@type":"ListItem","position":1,"name":"Home","item":"https:\/\/flavate.net\/"},{"@type":"ListItem","position":2,"name":"MON COMPTE"}]},{"@type":"WebSite","@id":"https:\/\/flavate.net\/#website","url":"https:\/\/flavate.net\/","name":"Flavate","description":"parfum 33ml","publisher":{"@id":"https:\/\/flavate.net\/#organization"},"potentialAction":[{"@type":"SearchAction","target":{"@type":"EntryPoint","urlTemplate":"https:\/\/flavate.net\/?s={search_term_string}"},"query-input":{"@type":"PropertyValueSpecification","valueRequired":true,"valueName":"search_term_string"}}],"inLanguage":"en-US"},{"@type":"Organization","@id":"https:\/\/flavate.net\/#organization","name":"Flavate","url":"https:\/\/flavate.net\/","logo":{"@type":"ImageObject","inLanguage":"en-US","@id":"https:\/\/flavate.net\/#\/schema\/logo\/image\/","url":"https:\/\/flavate.net\/wp-content\/uploads\/2022\/09\/flavate-parfum-logo.png","contentUrl":"https:\/\/flavate.net\/wp-content\/uploads\/2022\/09\/flavate-parfum-logo.png","width":600,"height":200,"caption":"Flavate"},"image":{"@id":"https:\/\/flavate.net\/#\/schema\/logo\/image\/"},"sameAs":["https:\/\/www.facebook.com\/parfumdepoches"]}]}},"jetpack_sharing_enabled":true,"post-meta":{"_elementor_controls_usage":["a:0:{}"],"_wxr_import_user_slug":["vahe"],"_edit_lock":["1604400881:1"],"_edit_last":["1"],"site-container":["default"],"site-header-transparent":["default"],"site-page-header":["default"],"site-sidebar":["default"],"_wp_page_template":["default"],"rank_math_robots":["a:1:{i:0;s:5:\"index\";}"],"rank_math_focus_keyword":["mon compte parfum de poche"],"_yoast_wpseo_title":["Connexion : Parfum de poche"],"_eael_post_view_count":["4052"]},"_links":{"self":[{"href":"https:\/\/flavate.net\/en\/wp-json\/wp\/v2\/pages\/705","targetHints":{"allow":["GET"]}}],"collection":[{"href":"https:\/\/flavate.net\/en\/wp-json\/wp\/v2\/pages"}],"about":[{"href":"https:\/\/flavate.net\/en\/wp-json\/wp\/v2\/types\/page"}],"author":[{"embeddable":true,"href":"https:\/\/flavate.net\/en\/wp-json\/wp\/v2\/users\/1"}],"replies":[{"embeddable":true,"href":"https:\/\/flavate.net\/en\/wp-json\/wp\/v2\/comments?post=705"}],"version-history":[{"count":0,"href":"https:\/\/flavate.net\/en\/wp-json\/wp\/v2\/pages\/705\/revisions"}],"wp:attachment":[{"href":"https:\/\/flavate.net\/en\/wp-json\/wp\/v2\/media?parent=705"}],"curies":[{"name":"wp","href":"https:\/\/api.w.org\/{rel}","templated":true}]}}